{"id":137,"date":"2022-02-07T21:51:16","date_gmt":"2022-02-07T20:51:16","guid":{"rendered":"https:\/\/erka.org.pl\/?page_id=137"},"modified":"2022-08-19T23:15:57","modified_gmt":"2022-08-19T21:15:57","slug":"realizacje","status":"publish","type":"page","link":"https:\/\/erka.org.pl\/?page_id=137","title":{"rendered":"Wydarzenia"},"content":{"rendered":"\t\t<div data-elementor-type=\"wp-page\" data-elementor-id=\"137\" class=\"elementor elementor-137\">\n\t\t\t\t\t\t\t\t\t<section class=\"elementor-section elementor-top-section elementor-element elementor-element-48cb077 elementor-section-boxed elementor-section-height-default elementor-section-height-default\" data-id=\"48cb077\" data-element_type=\"section\">\n\t\t\t\t\t\t<div class=\"elementor-container elementor-column-gap-default\">\n\t\t\t\t\t<div class=\"elementor-column elementor-col-100 elementor-top-column elementor-element elementor-element-f84fd36\" data-id=\"f84fd36\" data-element_type=\"column\">\n\t\t\t<div class=\"elementor-widget-wrap elementor-element-populated\">\n\t\t\t\t\t\t\t\t<div class=\"elementor-element elementor-element-5a9da5c elementor-widget elementor-widget-shortcode\" data-id=\"5a9da5c\" data-element_type=\"widget\" data-widget_type=\"shortcode.default\">\n\t\t\t\t<div class=\"elementor-widget-container\">\n\t\t\t\t\t<div class=\"elementor-shortcode\"><div class=\"display-posts-listing grid\"><div class=\"listing-item\"><a class=\"image\" href=\"https:\/\/erka.org.pl\/?p=530\"><img width=\"300\" height=\"189\" src=\"https:\/\/erka.org.pl\/wp-content\/uploads\/2022\/02\/cropped-logo_sm_wh-300x189.png\" class=\"attachment-medium size-medium wp-post-image\" alt=\"\" loading=\"lazy\" srcset=\"https:\/\/erka.org.pl\/wp-content\/uploads\/2022\/02\/cropped-logo_sm_wh-300x189.png 300w, https:\/\/erka.org.pl\/wp-content\/uploads\/2022\/02\/cropped-logo_sm_wh.png 315w\" sizes=\"(max-width: 300px) 100vw, 300px\" \/><\/a> <a class=\"title\" href=\"https:\/\/erka.org.pl\/?p=530\">Barnimie 2012<\/a> <span class=\"excerpt-dash\">-<\/span> <span class=\"excerpt\">I spotkali\u015bmy si\u0119 ponownie pod srebrzysto-zielonkaw\u0105 kopu\u0142\u0105 jez. Dominikowskiego ko\u0142o Barnimia. Pojezierze&hellip; <a class=\"excerpt-more\" href=\"https:\/\/erka.org.pl\/?p=530\">wi\u0119cej<\/a><\/span><\/div><div class=\"listing-item\"><a class=\"image\" href=\"https:\/\/erka.org.pl\/?p=524\"><img width=\"300\" height=\"189\" src=\"https:\/\/erka.org.pl\/wp-content\/uploads\/2022\/02\/cropped-logo_sm_wh-300x189.png\" class=\"attachment-medium size-medium wp-post-image\" alt=\"\" loading=\"lazy\" srcset=\"https:\/\/erka.org.pl\/wp-content\/uploads\/2022\/02\/cropped-logo_sm_wh-300x189.png 300w, https:\/\/erka.org.pl\/wp-content\/uploads\/2022\/02\/cropped-logo_sm_wh.png 315w\" sizes=\"(max-width: 300px) 100vw, 300px\" \/><\/a> <a class=\"title\" href=\"https:\/\/erka.org.pl\/?p=524\">Jura krakowsko-cz\u0119stochowska<\/a> <span class=\"excerpt-dash\">-<\/span> <span class=\"excerpt\">W ostatnie dni czerwca szwendali\u015bmy si\u0119 po Jurze Krakowsko-Cz\u0119stochowskiej. St\u0105paj\u0105c po wapiennych&hellip; <a class=\"excerpt-more\" href=\"https:\/\/erka.org.pl\/?p=524\">wi\u0119cej<\/a><\/span><\/div><div class=\"listing-item\"><a class=\"image\" href=\"https:\/\/erka.org.pl\/?p=518\"><img width=\"300\" height=\"189\" src=\"https:\/\/erka.org.pl\/wp-content\/uploads\/2022\/02\/cropped-logo_sm_wh-300x189.png\" class=\"attachment-medium size-medium wp-post-image\" alt=\"\" loading=\"lazy\" srcset=\"https:\/\/erka.org.pl\/wp-content\/uploads\/2022\/02\/cropped-logo_sm_wh-300x189.png 300w, https:\/\/erka.org.pl\/wp-content\/uploads\/2022\/02\/cropped-logo_sm_wh.png 315w\" sizes=\"(max-width: 300px) 100vw, 300px\" \/><\/a> <a class=\"title\" href=\"https:\/\/erka.org.pl\/?p=518\">Sokole Ku\u017anica<\/a> <span class=\"excerpt-dash\">-<\/span> <span class=\"excerpt\">W maju mieli\u015bmy wyj\u0105tkowa przyjemno\u015b\u0107 organizowa\u0107 weekendowy wypoczynek grupie m\u0142odzie\u017cy z Zespo\u0142em&hellip; <a class=\"excerpt-more\" href=\"https:\/\/erka.org.pl\/?p=518\">wi\u0119cej<\/a><\/span><\/div><div class=\"listing-item\"><a class=\"image\" href=\"https:\/\/erka.org.pl\/?p=513\"><img width=\"300\" height=\"225\" src=\"https:\/\/erka.org.pl\/wp-content\/uploads\/2022\/08\/sddefault-300x225.jpg\" class=\"attachment-medium size-medium wp-post-image\" alt=\"\" loading=\"lazy\" srcset=\"https:\/\/erka.org.pl\/wp-content\/uploads\/2022\/08\/sddefault-300x225.jpg 300w, https:\/\/erka.org.pl\/wp-content\/uploads\/2022\/08\/sddefault-160x120.jpg 160w, https:\/\/erka.org.pl\/wp-content\/uploads\/2022\/08\/sddefault.jpg 640w\" sizes=\"(max-width: 300px) 100vw, 300px\" \/><\/a> <a class=\"title\" href=\"https:\/\/erka.org.pl\/?p=513\">Nurkowanie w Mylofie \u2013 17 kwietnia 2011<\/a> <span class=\"excerpt-dash\">-<\/span> <span class=\"excerpt\">Od wielu lat nurtowa\u0142o nas to, co odnale\u017a\u0107 mo\u017cna w pobli\u017cu przepi\u0119knej&hellip; <a class=\"excerpt-more\" href=\"https:\/\/erka.org.pl\/?p=513\">wi\u0119cej<\/a><\/span><\/div><div class=\"listing-item\"><a class=\"image\" href=\"https:\/\/erka.org.pl\/?p=498\"><img width=\"300\" height=\"200\" src=\"https:\/\/erka.org.pl\/wp-content\/uploads\/2022\/08\/nggallery_import\/dpp_0656-300x200.jpg\" class=\"attachment-medium size-medium wp-post-image\" alt=\"\" loading=\"lazy\" srcset=\"https:\/\/erka.org.pl\/wp-content\/uploads\/2022\/08\/nggallery_import\/dpp_0656-300x200.jpg 300w, https:\/\/erka.org.pl\/wp-content\/uploads\/2022\/08\/nggallery_import\/dpp_0656-768x512.jpg 768w, https:\/\/erka.org.pl\/wp-content\/uploads\/2022\/08\/nggallery_import\/dpp_0656.jpg 800w\" sizes=\"(max-width: 300px) 100vw, 300px\" \/><\/a> <a class=\"title\" href=\"https:\/\/erka.org.pl\/?p=498\">Wiosenny weekend eksploracyjny<\/a> <span class=\"excerpt-dash\">-<\/span> <span class=\"excerpt\">I przywitali\u015bmy przedwio\u015bnie w Jaworowym Dworze. Forpoczta ciep\u0142ych miesi\u0119cy huraganowym wiatrem przegania\u0142a&hellip; <a class=\"excerpt-more\" href=\"https:\/\/erka.org.pl\/?p=498\">wi\u0119cej<\/a><\/span><\/div><div class=\"listing-item\"><a class=\"image\" href=\"https:\/\/erka.org.pl\/?p=492\"><img width=\"300\" height=\"225\" src=\"https:\/\/erka.org.pl\/wp-content\/uploads\/2022\/08\/nggallery_import\/dpp_0410-300x225.jpg\" class=\"attachment-medium size-medium wp-post-image\" alt=\"\" loading=\"lazy\" srcset=\"https:\/\/erka.org.pl\/wp-content\/uploads\/2022\/08\/nggallery_import\/dpp_0410-300x225.jpg 300w, https:\/\/erka.org.pl\/wp-content\/uploads\/2022\/08\/nggallery_import\/dpp_0410-768x576.jpg 768w, https:\/\/erka.org.pl\/wp-content\/uploads\/2022\/08\/nggallery_import\/dpp_0410-160x120.jpg 160w, https:\/\/erka.org.pl\/wp-content\/uploads\/2022\/08\/nggallery_import\/dpp_0410.jpg 800w\" sizes=\"(max-width: 300px) 100vw, 300px\" \/><\/a> <a class=\"title\" href=\"https:\/\/erka.org.pl\/?p=492\">Pod latarni\u0105 najciemniej&#8230;<\/a> <span class=\"excerpt-dash\">-<\/span> <span class=\"excerpt\">Przysz\u0142o nam zanurkowa\u0107 w miejscu nieodleg\u0142ym a jednocze\u015bnie nieznanym. Przysz\u0142o nam zachwyci\u0107&hellip; <a class=\"excerpt-more\" href=\"https:\/\/erka.org.pl\/?p=492\">wi\u0119cej<\/a><\/span><\/div><div class=\"listing-item\"><a class=\"image\" href=\"https:\/\/erka.org.pl\/?p=485\"><img width=\"300\" height=\"225\" src=\"https:\/\/erka.org.pl\/wp-content\/uploads\/2022\/08\/nggallery_import\/img_0836-300x225.jpg\" class=\"attachment-medium size-medium wp-post-image\" alt=\"\" loading=\"lazy\" srcset=\"https:\/\/erka.org.pl\/wp-content\/uploads\/2022\/08\/nggallery_import\/img_0836-300x225.jpg 300w, https:\/\/erka.org.pl\/wp-content\/uploads\/2022\/08\/nggallery_import\/img_0836-768x576.jpg 768w, https:\/\/erka.org.pl\/wp-content\/uploads\/2022\/08\/nggallery_import\/img_0836-160x120.jpg 160w, https:\/\/erka.org.pl\/wp-content\/uploads\/2022\/08\/nggallery_import\/img_0836.jpg 1024w\" sizes=\"(max-width: 300px) 100vw, 300px\" \/><\/a> <a class=\"title\" href=\"https:\/\/erka.org.pl\/?p=485\">Podlodowe Barnimie<\/a> <span class=\"excerpt-dash\">-<\/span> <span class=\"excerpt\">Z inicjatywy OSP RW Pi\u0142a pod koniec stycznia uczestniczyli\u015bmy w nurkowaniu podlodowym&hellip; <a class=\"excerpt-more\" href=\"https:\/\/erka.org.pl\/?p=485\">wi\u0119cej<\/a><\/span><\/div><div class=\"listing-item\"><a class=\"image\" href=\"https:\/\/erka.org.pl\/?p=361\"><img width=\"300\" height=\"225\" src=\"https:\/\/erka.org.pl\/wp-content\/uploads\/2022\/08\/nggallery_import\/img_0059-300x225.jpg\" class=\"attachment-medium size-medium wp-post-image\" alt=\"\" loading=\"lazy\" srcset=\"https:\/\/erka.org.pl\/wp-content\/uploads\/2022\/08\/nggallery_import\/img_0059-300x225.jpg 300w, https:\/\/erka.org.pl\/wp-content\/uploads\/2022\/08\/nggallery_import\/img_0059-768x576.jpg 768w, https:\/\/erka.org.pl\/wp-content\/uploads\/2022\/08\/nggallery_import\/img_0059-160x120.jpg 160w, https:\/\/erka.org.pl\/wp-content\/uploads\/2022\/08\/nggallery_import\/img_0059.jpg 1024w\" sizes=\"(max-width: 300px) 100vw, 300px\" \/><\/a> <a class=\"title\" href=\"https:\/\/erka.org.pl\/?p=361\">Targi TOUR \u2013 SPORT \u2013 EXPO 2010<\/a> <span class=\"excerpt-dash\">-<\/span> <span class=\"excerpt\">Prezentacje, wywiady, spotkania z sympatykami i wiele innych aktywno\u015bci mieli\u015bmy przyjemno\u015b\u0107 prze\u017cy\u0107&hellip; <a class=\"excerpt-more\" href=\"https:\/\/erka.org.pl\/?p=361\">wi\u0119cej<\/a><\/span><\/div><div class=\"listing-item\"><a class=\"image\" href=\"https:\/\/erka.org.pl\/?p=263\"><img width=\"300\" height=\"224\" src=\"https:\/\/erka.org.pl\/wp-content\/uploads\/2022\/08\/nggallery_import\/phoca_thumb_l_hpim9370-300x224.jpg\" class=\"attachment-medium size-medium wp-post-image\" alt=\"\" loading=\"lazy\" srcset=\"https:\/\/erka.org.pl\/wp-content\/uploads\/2022\/08\/nggallery_import\/phoca_thumb_l_hpim9370-300x224.jpg 300w, https:\/\/erka.org.pl\/wp-content\/uploads\/2022\/08\/nggallery_import\/phoca_thumb_l_hpim9370-160x120.jpg 160w, https:\/\/erka.org.pl\/wp-content\/uploads\/2022\/08\/nggallery_import\/phoca_thumb_l_hpim9370.jpg 640w\" sizes=\"(max-width: 300px) 100vw, 300px\" \/><\/a> <a class=\"title\" href=\"https:\/\/erka.org.pl\/?p=263\">Jaworowy Dw\u00f3r &#8211; 12-14 listopad 2010<\/a> <span class=\"excerpt-dash\">-<\/span> <span class=\"excerpt\">Troch\u0119 na GPS, troch\u0119 na azymut i troch\u0119 na czuja zameldowali\u015bmy si\u0119&hellip; <a class=\"excerpt-more\" href=\"https:\/\/erka.org.pl\/?p=263\">wi\u0119cej<\/a><\/span><\/div><div class=\"listing-item\"><a class=\"image\" href=\"https:\/\/erka.org.pl\/?p=1\"><img width=\"300\" height=\"225\" src=\"https:\/\/erka.org.pl\/wp-content\/uploads\/2022\/08\/nggallery_import\/phoca_thumb_l_dscf3286-300x225.jpg\" class=\"attachment-medium size-medium wp-post-image\" alt=\"\" loading=\"lazy\" srcset=\"https:\/\/erka.org.pl\/wp-content\/uploads\/2022\/08\/nggallery_import\/phoca_thumb_l_dscf3286-300x225.jpg 300w, https:\/\/erka.org.pl\/wp-content\/uploads\/2022\/08\/nggallery_import\/phoca_thumb_l_dscf3286-160x120.jpg 160w, https:\/\/erka.org.pl\/wp-content\/uploads\/2022\/08\/nggallery_import\/phoca_thumb_l_dscf3286.jpg 640w\" sizes=\"(max-width: 300px) 100vw, 300px\" \/><\/a> <a class=\"title\" href=\"https:\/\/erka.org.pl\/?p=1\">Egipt &#8211; wrzesie\u0144 2010<\/a> <span class=\"excerpt-dash\">-<\/span> <span class=\"excerpt\">Z nadej\u015bciem jesieni wraz z odlatuj\u0105cymi ptakami opu\u015bcili\u015bmy nasz\u0105 go\u015bcinn\u0105 Bydzi\u0119 by&hellip; <a class=\"excerpt-more\" href=\"https:\/\/erka.org.pl\/?p=1\">wi\u0119cej<\/a><\/span><\/div><\/div><\/div>\n\t\t\t\t<\/div>\n\t\t\t\t<\/div>\n\t\t\t\t\t<\/div>\n\t\t<\/div>\n\t\t\t\t\t\t\t<\/div>\n\t\t<\/section>\n\t\t\t\t\t\t\t<\/div>\n\t\t","protected":false},"excerpt":{"rendered":"","protected":false},"author":1,"featured_media":0,"parent":0,"menu_order":0,"comment_status":"closed","ping_status":"closed","template":"","meta":{"_bbp_topic_count":0,"_bbp_reply_count":0,"_bbp_total_topic_count":0,"_bbp_total_reply_count":0,"_bbp_voice_count":0,"_bbp_anonymous_reply_count":0,"_bbp_topic_count_hidden":0,"_bbp_reply_count_hidden":0,"_bbp_forum_subforum_count":0,"ngg_post_thumbnail":0},"_links":{"self":[{"href":"https:\/\/erka.org.pl\/index.php?rest_route=\/wp\/v2\/pages\/137"}],"collection":[{"href":"https:\/\/erka.org.pl\/index.php?rest_route=\/wp\/v2\/pages"}],"about":[{"href":"https:\/\/erka.org.pl\/index.php?rest_route=\/wp\/v2\/types\/page"}],"author":[{"embeddable":true,"href":"https:\/\/erka.org.pl\/index.php?rest_route=\/wp\/v2\/users\/1"}],"replies":[{"embeddable":true,"href":"https:\/\/erka.org.pl\/index.php?rest_route=%2Fwp%2Fv2%2Fcomments&post=137"}],"version-history":[{"count":64,"href":"https:\/\/erka.org.pl\/index.php?rest_route=\/wp\/v2\/pages\/137\/revisions"}],"predecessor-version":[{"id":506,"href":"https:\/\/erka.org.pl\/index.php?rest_route=\/wp\/v2\/pages\/137\/revisions\/506"}],"wp:attachment":[{"href":"https:\/\/erka.org.pl\/index.php?rest_route=%2Fwp%2Fv2%2Fmedia&parent=137"}],"curies":[{"name":"wp","href":"https:\/\/api.w.org\/{rel}","templated":true}]}}