{"id":46,"date":"2022-02-05T22:31:48","date_gmt":"2022-02-05T21:31:48","guid":{"rendered":"https:\/\/erka.org.pl\/?page_id=46"},"modified":"2022-08-23T20:54:14","modified_gmt":"2022-08-23T18:54:14","slug":"witamy","status":"publish","type":"page","link":"https:\/\/erka.org.pl\/","title":{"rendered":"Witamy"},"content":{"rendered":"\t\t<div data-elementor-type=\"wp-page\" data-elementor-id=\"46\" class=\"elementor elementor-46\">\n\t\t\t\t\t\t\t\t\t<section class=\"elementor-section elementor-top-section elementor-element elementor-element-1844e127 elementor-section-boxed elementor-section-height-default elementor-section-height-default\" data-id=\"1844e127\" data-element_type=\"section\">\n\t\t\t\t\t\t<div class=\"elementor-container elementor-column-gap-default\">\n\t\t\t\t\t<div class=\"elementor-column elementor-col-100 elementor-top-column elementor-element elementor-element-5abaa0f\" data-id=\"5abaa0f\" data-element_type=\"column\">\n\t\t\t<div class=\"elementor-widget-wrap elementor-element-populated\">\n\t\t\t\t\t\t\t\t<section class=\"elementor-section elementor-inner-section elementor-element elementor-element-c40cdd6 elementor-section-boxed elementor-section-height-default elementor-section-height-default\" data-id=\"c40cdd6\" data-element_type=\"section\">\n\t\t\t\t\t\t<div class=\"elementor-container elementor-column-gap-default\">\n\t\t\t\t\t<div class=\"elementor-column elementor-col-100 elementor-inner-column elementor-element elementor-element-b91c3be\" data-id=\"b91c3be\" data-element_type=\"column\">\n\t\t\t<div class=\"elementor-widget-wrap\">\n\t\t\t\t\t\t\t\t\t<\/div>\n\t\t<\/div>\n\t\t\t\t\t\t\t<\/div>\n\t\t<\/section>\n\t\t\t\t<section class=\"elementor-section elementor-inner-section elementor-element elementor-element-b7eeae8 elementor-section-boxed elementor-section-height-default elementor-section-height-default\" data-id=\"b7eeae8\" data-element_type=\"section\">\n\t\t\t\t\t\t<div class=\"elementor-container elementor-column-gap-default\">\n\t\t\t\t\t<div class=\"elementor-column elementor-col-50 elementor-inner-column elementor-element elementor-element-d438264\" data-id=\"d438264\" data-element_type=\"column\">\n\t\t\t<div class=\"elementor-widget-wrap elementor-element-populated\">\n\t\t\t\t\t\t\t\t<div class=\"elementor-element elementor-element-30e1574 elementor-widget elementor-widget-heading\" data-id=\"30e1574\" data-element_type=\"widget\" data-widget_type=\"heading.default\">\n\t\t\t\t<div class=\"elementor-widget-container\">\n\t\t\t<style>\/*! elementor - v3.7.2 - 21-08-2022 *\/\n.elementor-heading-title{padding:0;margin:0;line-height:1}.elementor-widget-heading .elementor-heading-title[class*=elementor-size-]>a{color:inherit;font-size:inherit;line-height:inherit}.elementor-widget-heading .elementor-heading-title.elementor-size-small{font-size:15px}.elementor-widget-heading .elementor-heading-title.elementor-size-medium{font-size:19px}.elementor-widget-heading .elementor-heading-title.elementor-size-large{font-size:29px}.elementor-widget-heading .elementor-heading-title.elementor-size-xl{font-size:39px}.elementor-widget-heading .elementor-heading-title.elementor-size-xxl{font-size:59px}<\/style><h2 class=\"elementor-heading-title elementor-size-default\">Newsy<\/h2>\t\t<\/div>\n\t\t\t\t<\/div>\n\t\t\t\t<div class=\"elementor-element elementor-element-dfdc6e1 elementor-widget elementor-widget-shortcode\" data-id=\"dfdc6e1\" data-element_type=\"widget\" data-widget_type=\"shortcode.default\">\n\t\t\t\t<div class=\"elementor-widget-container\">\n\t\t\t\t\t<div class=\"elementor-shortcode\"><ul class=\"display-posts-listing\"><li class=\"listing-item\"><a class=\"image\" href=\"https:\/\/erka.org.pl\/?p=541\"><img width=\"300\" height=\"169\" src=\"https:\/\/erka.org.pl\/wp-content\/uploads\/2022\/08\/IMG-20220820-WA0000-300x169.jpg\" class=\"attachment-medium size-medium wp-post-image\" alt=\"\" loading=\"lazy\" srcset=\"https:\/\/erka.org.pl\/wp-content\/uploads\/2022\/08\/IMG-20220820-WA0000-300x169.jpg 300w, https:\/\/erka.org.pl\/wp-content\/uploads\/2022\/08\/IMG-20220820-WA0000-1024x576.jpg 1024w, https:\/\/erka.org.pl\/wp-content\/uploads\/2022\/08\/IMG-20220820-WA0000-768x432.jpg 768w, https:\/\/erka.org.pl\/wp-content\/uploads\/2022\/08\/IMG-20220820-WA0000-1536x864.jpg 1536w, https:\/\/erka.org.pl\/wp-content\/uploads\/2022\/08\/IMG-20220820-WA0000-1140x641.jpg 1140w, https:\/\/erka.org.pl\/wp-content\/uploads\/2022\/08\/IMG-20220820-WA0000-720x405.jpg 720w, https:\/\/erka.org.pl\/wp-content\/uploads\/2022\/08\/IMG-20220820-WA0000.jpg 1920w\" sizes=\"(max-width: 300px) 100vw, 300px\" \/><\/a> <a class=\"title\" href=\"https:\/\/erka.org.pl\/?p=541\">50. Sp\u0142yw P\u0142etwonurk\u00f3w rzek\u0105 Brd\u0105 &#8211; Sprz\u0105tanie Brdy<\/a> <span class=\"excerpt-dash\">-<\/span> <span class=\"excerpt\">W sobot\u0119 3 wrze\u015bnia odby\u0142 si\u011950 Sp\u0142yw Rzek\u0105 Brd\u0105 \u2013 Sprz\u0105tanie Brdy.Wydarzenie mia\u0142o charakter jubileuszowyi stanowi\u0142o pierwsz\u0105 cz\u0119\u015b\u0107 tegorocznego tryptyku. 3 wrze\u015bnia Sp\u0142yw,28 wrze\u015bnia otwarcie&hellip; <span class=\"excerpt-more\">&hellip;<\/span><\/span><\/li><\/ul><\/div>\n\t\t\t\t<\/div>\n\t\t\t\t<\/div>\n\t\t\t\t\t<\/div>\n\t\t<\/div>\n\t\t\t\t<div class=\"elementor-column elementor-col-50 elementor-inner-column elementor-element elementor-element-6e0bf01\" data-id=\"6e0bf01\" data-element_type=\"column\">\n\t\t\t<div class=\"elementor-widget-wrap elementor-element-populated\">\n\t\t\t\t\t\t\t\t<div class=\"elementor-element elementor-element-70df7df elementor-widget elementor-widget-text-editor\" data-id=\"70df7df\" data-element_type=\"widget\" data-widget_type=\"text-editor.default\">\n\t\t\t\t<div class=\"elementor-widget-container\">\n\t\t\t<style>\/*! elementor - v3.7.2 - 21-08-2022 *\/\n.elementor-widget-text-editor.elementor-drop-cap-view-stacked .elementor-drop-cap{background-color:#818a91;color:#fff}.elementor-widget-text-editor.elementor-drop-cap-view-framed .elementor-drop-cap{color:#818a91;border:3px solid;background-color:transparent}.elementor-widget-text-editor:not(.elementor-drop-cap-view-default) .elementor-drop-cap{margin-top:8px}.elementor-widget-text-editor:not(.elementor-drop-cap-view-default) .elementor-drop-cap-letter{width:1em;height:1em}.elementor-widget-text-editor .elementor-drop-cap{float:left;text-align:center;line-height:1;font-size:50px}.elementor-widget-text-editor .elementor-drop-cap-letter{display:inline-block}<\/style>\t\t\t\t<ul>\n<li>to interdyscyplinarne spojrzenie na rzeczywisto\u015b\u0107&#8230;<br \/>od fotografii, poprzez przygod\u0119, po nauk\u0119 &#8230;<\/li>\n<li>to logiczna synteza form poznania \u015bwiata w ramach jednego \u0142\u0105cz\u0105cego kilka dyscyplin projektu &#8230;<\/li>\n<li>to fabryka przygody przekuwaj\u0105ca marzenia i ambicje wielu \u015brodowisk w realne dzia\u0142ania<\/li>\n<\/ul>\t\t\t\t\t\t<\/div>\n\t\t\t\t<\/div>\n\t\t\t\t<div class=\"elementor-element elementor-element-42cfefd elementor-position-top e-transform elementor-view-default elementor-mobile-position-top elementor-vertical-align-top elementor-widget elementor-widget-icon-box\" data-id=\"42cfefd\" data-element_type=\"widget\" data-settings=\"{&quot;_transform_scale_effect_hover&quot;:{&quot;unit&quot;:&quot;px&quot;,&quot;size&quot;:1.2,&quot;sizes&quot;:[]},&quot;_transform_scale_effect_hover_tablet&quot;:{&quot;unit&quot;:&quot;px&quot;,&quot;size&quot;:&quot;&quot;,&quot;sizes&quot;:[]},&quot;_transform_scale_effect_hover_mobile&quot;:{&quot;unit&quot;:&quot;px&quot;,&quot;size&quot;:&quot;&quot;,&quot;sizes&quot;:[]}}\" data-widget_type=\"icon-box.default\">\n\t\t\t\t<div class=\"elementor-widget-container\">\n\t\t\t<link rel=\"stylesheet\" href=\"https:\/\/erka.org.pl\/wp-content\/plugins\/elementor\/assets\/css\/widget-icon-box.min.css\">\t\t<div class=\"elementor-icon-box-wrapper\">\n\t\t\t\t\t\t<div class=\"elementor-icon-box-icon\">\n\t\t\t\t<a class=\"elementor-icon elementor-animation-\" href=\"https:\/\/www.facebook.com\/BRKEERKA\/\">\n\t\t\t\t<i aria-hidden=\"true\" class=\"fab fa-facebook\"><\/i>\t\t\t\t<\/a>\n\t\t\t<\/div>\n\t\t\t\t\t\t<div class=\"elementor-icon-box-content\">\n\t\t\t\t<h4 class=\"elementor-icon-box-title\">\n\t\t\t\t\t<a href=\"https:\/\/www.facebook.com\/BRKEERKA\/\" >\n\t\t\t\t\t\tNasza strona FB\t\t\t\t\t<\/a>\n\t\t\t\t<\/h4>\n\t\t\t\t\t\t\t<\/div>\n\t\t<\/div>\n\t\t\t\t<\/div>\n\t\t\t\t<\/div>\n\t\t\t\t\t<\/div>\n\t\t<\/div>\n\t\t\t\t\t\t\t<\/div>\n\t\t<\/section>\n\t\t\t\t\t<\/div>\n\t\t<\/div>\n\t\t\t\t\t\t\t<\/div>\n\t\t<\/section>\n\t\t\t\t<section class=\"elementor-section elementor-top-section elementor-element elementor-element-30c0586 elementor-section-boxed elementor-section-height-default elementor-section-height-default\" data-id=\"30c0586\" data-element_type=\"section\">\n\t\t\t\t\t\t<div class=\"elementor-container elementor-column-gap-default\">\n\t\t\t\t\t<div class=\"elementor-column elementor-col-100 elementor-top-column elementor-element elementor-element-6b1a619\" data-id=\"6b1a619\" data-element_type=\"column\">\n\t\t\t<div class=\"elementor-widget-wrap\">\n\t\t\t\t\t\t\t\t\t<\/div>\n\t\t<\/div>\n\t\t\t\t\t\t\t<\/div>\n\t\t<\/section>\n\t\t\t\t\t\t\t<\/div>\n\t\t","protected":false},"excerpt":{"rendered":"<p>Newsy to interdyscyplinarne spojrzenie na rzeczywisto\u015b\u0107&#8230;od fotografii, poprzez przygod\u0119, po nauk\u0119 &#8230; to logiczna synteza form poznania \u015bwiata w ramach&hellip;<\/p>\n","protected":false},"author":1,"featured_media":0,"parent":0,"menu_order":0,"comment_status":"closed","ping_status":"closed","template":"","meta":{"_bbp_topic_count":0,"_bbp_reply_count":0,"_bbp_total_topic_count":0,"_bbp_total_reply_count":0,"_bbp_voice_count":0,"_bbp_anonymous_reply_count":0,"_bbp_topic_count_hidden":0,"_bbp_reply_count_hidden":0,"_bbp_forum_subforum_count":0,"ngg_post_thumbnail":0},"_links":{"self":[{"href":"https:\/\/erka.org.pl\/index.php?rest_route=\/wp\/v2\/pages\/46"}],"collection":[{"href":"https:\/\/erka.org.pl\/index.php?rest_route=\/wp\/v2\/pages"}],"about":[{"href":"https:\/\/erka.org.pl\/index.php?rest_route=\/wp\/v2\/types\/page"}],"author":[{"embeddable":true,"href":"https:\/\/erka.org.pl\/index.php?rest_route=\/wp\/v2\/users\/1"}],"replies":[{"embeddable":true,"href":"https:\/\/erka.org.pl\/index.php?rest_route=%2Fwp%2Fv2%2Fcomments&post=46"}],"version-history":[{"count":40,"href":"https:\/\/erka.org.pl\/index.php?rest_route=\/wp\/v2\/pages\/46\/revisions"}],"predecessor-version":[{"id":587,"href":"https:\/\/erka.org.pl\/index.php?rest_route=\/wp\/v2\/pages\/46\/revisions\/587"}],"wp:attachment":[{"href":"https:\/\/erka.org.pl\/index.php?rest_route=%2Fwp%2Fv2%2Fmedia&parent=46"}],"curies":[{"name":"wp","href":"https:\/\/api.w.org\/{rel}","templated":true}]}}