{"id":60,"date":"2022-02-05T22:57:01","date_gmt":"2022-02-05T21:57:01","guid":{"rendered":"https:\/\/erka.org.pl\/?page_id=60"},"modified":"2022-02-05T23:00:40","modified_gmt":"2022-02-05T22:00:40","slug":"o-nas","status":"publish","type":"page","link":"https:\/\/erka.org.pl\/?page_id=60","title":{"rendered":"O Nas"},"content":{"rendered":"\t\t<div data-elementor-type=\"wp-page\" data-elementor-id=\"60\" class=\"elementor elementor-60\">\n\t\t\t\t\t\t\t\t\t<section class=\"elementor-section elementor-top-section elementor-element elementor-element-073f279 elementor-section-boxed elementor-section-height-default elementor-section-height-default\" data-id=\"073f279\" data-element_type=\"section\">\n\t\t\t\t\t\t<div class=\"elementor-container elementor-column-gap-default\">\n\t\t\t\t\t<div class=\"elementor-column elementor-col-100 elementor-top-column elementor-element elementor-element-73a60b0\" data-id=\"73a60b0\" data-element_type=\"column\">\n\t\t\t<div class=\"elementor-widget-wrap elementor-element-populated\">\n\t\t\t\t\t\t\t\t<div class=\"elementor-element elementor-element-655a282 elementor-widget elementor-widget-text-editor\" data-id=\"655a282\" data-element_type=\"widget\" data-widget_type=\"text-editor.default\">\n\t\t\t\t<div class=\"elementor-widget-container\">\n\t\t\t<style>\/*! elementor - v3.7.2 - 21-08-2022 *\/\n.elementor-widget-text-editor.elementor-drop-cap-view-stacked .elementor-drop-cap{background-color:#818a91;color:#fff}.elementor-widget-text-editor.elementor-drop-cap-view-framed .elementor-drop-cap{color:#818a91;border:3px solid;background-color:transparent}.elementor-widget-text-editor:not(.elementor-drop-cap-view-default) .elementor-drop-cap{margin-top:8px}.elementor-widget-text-editor:not(.elementor-drop-cap-view-default) .elementor-drop-cap-letter{width:1em;height:1em}.elementor-widget-text-editor .elementor-drop-cap{float:left;text-align:center;line-height:1;font-size:50px}.elementor-widget-text-editor .elementor-drop-cap-letter{display:inline-block}<\/style>\t\t\t\t<p>Erka jest stowarzyszeniem. Nazwa powsta\u0142a podczas jednego z pierwszych, nieformalnych spotka\u0144 cz\u0142onk\u00f3w za\u0142o\u017cycieli i pochodzi od skr\u00f3tu Regionalnego Klubu Eksploracyjnego. Celem jest inicjowanie organizacji przedsi\u0119wzi\u0119\u0107 o charakterze eksploracyjnym, takich jak wspinaczka, \u017ceglarstwo, nurkowanie, turystyka piesza, konna, badania maj\u0105ce na celu eksploracje natury. Podczas realizacji konkretnego pomys\u0142u mo\u017cna na otaczaj\u0105c\u0105 nas rzeczywisto\u015b\u0107 spojrze\u0107 interdyscyplinarnie, przyk\u0142adowo wyprawa \u017ceglarska mo\u017ce w ramach naszego stowarzyszenia by\u0107 wzbogacona o elementy zwi\u0105zane z dyscyplinami takimi jak nurkowanie, zwiedzania i odkrywania l\u0105du oraz wszelkie aspekty naukowe. Istotnym z cel\u00f3w ERKI jest stwarzanie mo\u017cliwo\u015bci uczestnictwa w jej przedsi\u0119wzi\u0119ciach ludziom niepe\u0142nosprawnym, zar\u00f3wno tworz\u0105c dla nich osobne projekty jak r\u00f3wnie\u017c integruj\u0105c ich ze \u015brodowiskiem ludzi sprawnych. ERKA chcia\u0142aby popularyzowa\u0107 wiele ciekawych form eksploracji natury, nie b\u0119dzie jednak kolejn\u0105 organizacj\u0105 szkoleniow\u0105.<br \/><br \/><br \/>Do Erki zapraszamy wszystkich mi\u0142o\u015bnik\u00f3w eksploracji. Pami\u0119ta\u0107 nale\u017cy jednak, i\u017c niekt\u00f3re z proponowanych przez nas dzia\u0142alno\u015bci wymaga\u0107 b\u0119d\u0105 od uczestnik\u00f3w specjalistycznej wiedzy i umiej\u0119tno\u015bci. Nie ograniczamy si\u0119 oczywi\u015bcie tylko do os\u00f3b prywatnych, ch\u0119tnie w szeregach cz\u0142onk\u00f3w widzieliby\u015bmy kluby i organizacje dzia\u0142aj\u0105ce ju\u017c dzi\u015b na polach poszczeg\u00f3lnych dyscyplin. Aby zosta\u0107 naszym cz\u0142onkiem nale\u017cy wype\u0142ni\u0107 deklaracje cz\u0142onkowsk\u0105 i mie\u0107 rekomendacj\u0119 co najmniej 2 cz\u0142onk\u00f3w stowarzyszenia. Erki nie nale\u017cy stawia\u0107 na r\u00f3wni z biurem turystycznym poniewa\u017c charakter jej dzia\u0142alno\u015bci opiera si\u0119 na wsp\u00f3lnej realizacji poszczeg\u00f3lnych pomys\u0142\u00f3w z organizacj\u0105 w\u0142\u0105cznie. Zakres tych dzia\u0142a\u0144 obejmowa\u0107 mo\u017ce ciekawe sp\u0119dzenie weekendu jak r\u00f3wnie\u017c powa\u017cn\u0105 wypraw\u0119 naukowo &#8211; badawcz\u0105.<br \/><br \/><br \/>Drugim z biegun\u00f3w dzia\u0142alno\u015bci b\u0119d\u0105 cykliczne spotkania podr\u00f3\u017cnik\u00f3w i globroter\u00f3w maj\u0105ce charakter zar\u00f3wno towarzyski po\u0142\u0105czony z wymian\u0105 do\u015bwiadcze\u0144 jak i oparte o oficjalne spotkania i konkursy podr\u00f3\u017cnicze maj\u0105ce oczywi\u015bcie charakter niekomercyjny.<\/p><p>\u00a0<\/p><p>Dzi\u0119ki\u00a0<strong>Dorocie Kazimierskiej<\/strong>\u00a0ERKA zyska\u0142a inspiruj\u0105ce logo, za co jej serdecznie dzi\u0119kujemy.<\/p>\t\t\t\t\t\t<\/div>\n\t\t\t\t<\/div>\n\t\t\t\t\t<\/div>\n\t\t<\/div>\n\t\t\t\t\t\t\t<\/div>\n\t\t<\/section>\n\t\t\t\t\t\t\t<\/div>\n\t\t","protected":false},"excerpt":{"rendered":"<p>Erka jest stowarzyszeniem. Nazwa powsta\u0142a podczas jednego z pierwszych, nieformalnych spotka\u0144 cz\u0142onk\u00f3w za\u0142o\u017cycieli i pochodzi od skr\u00f3tu Regionalnego Klubu Eksploracyjnego.&hellip;<\/p>\n","protected":false},"author":1,"featured_media":0,"parent":0,"menu_order":0,"comment_status":"closed","ping_status":"closed","template":"","meta":{"_bbp_topic_count":0,"_bbp_reply_count":0,"_bbp_total_topic_count":0,"_bbp_total_reply_count":0,"_bbp_voice_count":0,"_bbp_anonymous_reply_count":0,"_bbp_topic_count_hidden":0,"_bbp_reply_count_hidden":0,"_bbp_forum_subforum_count":0,"ngg_post_thumbnail":0},"_links":{"self":[{"href":"https:\/\/erka.org.pl\/index.php?rest_route=\/wp\/v2\/pages\/60"}],"collection":[{"href":"https:\/\/erka.org.pl\/index.php?rest_route=\/wp\/v2\/pages"}],"about":[{"href":"https:\/\/erka.org.pl\/index.php?rest_route=\/wp\/v2\/types\/page"}],"author":[{"embeddable":true,"href":"https:\/\/erka.org.pl\/index.php?rest_route=\/wp\/v2\/users\/1"}],"replies":[{"embeddable":true,"href":"https:\/\/erka.org.pl\/index.php?rest_route=%2Fwp%2Fv2%2Fcomments&post=60"}],"version-history":[{"count":7,"href":"https:\/\/erka.org.pl\/index.php?rest_route=\/wp\/v2\/pages\/60\/revisions"}],"predecessor-version":[{"id":67,"href":"https:\/\/erka.org.pl\/index.php?rest_route=\/wp\/v2\/pages\/60\/revisions\/67"}],"wp:attachment":[{"href":"https:\/\/erka.org.pl\/index.php?rest_route=%2Fwp%2Fv2%2Fmedia&parent=60"}],"curies":[{"name":"wp","href":"https:\/\/api.w.org\/{rel}","templated":true}]}}