{"id":79,"date":"2022-02-07T21:26:06","date_gmt":"2022-02-07T20:26:06","guid":{"rendered":"https:\/\/erka.org.pl\/?page_id=79"},"modified":"2022-02-07T21:30:06","modified_gmt":"2022-02-07T20:30:06","slug":"statut","status":"publish","type":"page","link":"https:\/\/erka.org.pl\/?page_id=79","title":{"rendered":"Statut"},"content":{"rendered":"\t\t<div data-elementor-type=\"wp-page\" data-elementor-id=\"79\" class=\"elementor elementor-79\">\n\t\t\t\t\t\t\t\t\t<section class=\"elementor-section elementor-top-section elementor-element elementor-element-1e8de4f elementor-section-boxed elementor-section-height-default elementor-section-height-default\" data-id=\"1e8de4f\" data-element_type=\"section\">\n\t\t\t\t\t\t<div class=\"elementor-container elementor-column-gap-default\">\n\t\t\t\t\t<div class=\"elementor-column elementor-col-100 elementor-top-column elementor-element elementor-element-766d120\" data-id=\"766d120\" data-element_type=\"column\">\n\t\t\t<div class=\"elementor-widget-wrap elementor-element-populated\">\n\t\t\t\t\t\t\t\t<div class=\"elementor-element elementor-element-2189b69 elementor-widget elementor-widget-text-editor\" data-id=\"2189b69\" data-element_type=\"widget\" data-widget_type=\"text-editor.default\">\n\t\t\t\t<div class=\"elementor-widget-container\">\n\t\t\t<style>\/*! elementor - v3.7.2 - 21-08-2022 *\/\n.elementor-widget-text-editor.elementor-drop-cap-view-stacked .elementor-drop-cap{background-color:#818a91;color:#fff}.elementor-widget-text-editor.elementor-drop-cap-view-framed .elementor-drop-cap{color:#818a91;border:3px solid;background-color:transparent}.elementor-widget-text-editor:not(.elementor-drop-cap-view-default) .elementor-drop-cap{margin-top:8px}.elementor-widget-text-editor:not(.elementor-drop-cap-view-default) .elementor-drop-cap-letter{width:1em;height:1em}.elementor-widget-text-editor .elementor-drop-cap{float:left;text-align:center;line-height:1;font-size:50px}.elementor-widget-text-editor .elementor-drop-cap-letter{display:inline-block}<\/style>\t\t\t\t<p>STATUT STOWARZYSZENIA<br \/><br \/>Bydgoski Regionalny Klub Eksploracyjny ERKA<br \/><br \/>ROZDZIA\u0141 I<br \/>Postanowienia og\u00f3lne<br \/><br \/>\u00a7 1<br \/><br \/>1. Stowarzyszenie nosi nazw\u0119 Bydgoski Regionalny Klub Eksploracyjny ERKA &#8211; zwane dalej &#8222;Stowarzyszeniem&#8221;.<br \/>2. Siedzib\u0105 Stowarzyszenia jest miasto Bydgoszcz.<br \/>3. Stowarzyszenie dzia\u0142a na terenie Rzeczypospolitej Polskiej.<br \/>4. Stowarzyszenie mo\u017ce by\u0107 cz\u0142onkiem stowarzysze\u0144, organizacji spo\u0142ecznych o tych samych b\u0105d\u017a podobnych celach dzia\u0142alno\u015bci i mo\u017ce wsp\u00f3\u0142pracowa\u0107 ze stowarzyszeniami i organizacjami o podobnym charakterze w kraju i zagranic\u0105.<br \/>5. Stowarzyszenie jest zarejestrowane i posiada osobowo\u015b\u0107 prawn\u0105, dzia\u0142a zgodnie z ustaw\u0105 Prawo o stowarzyszeniach oraz niniejszym Statutem.<br \/>6. Stowarzyszenie wsp\u00f3\u0142pracuje z instytucjami naukowymi i badawczymi, zwi\u0105zkami turystycznymi, zwi\u0105zkami sportowymi, zwi\u0105zkami os\u00f3b niepe\u0142nosprawnych oraz dzia\u0142a zgodnie z w\u0142asnym Statutem, Regulaminami i Uchwa\u0142ami.<br \/>7. Stowarzyszenie ma prawo u\u017cywa\u0107 piecz\u0119ci i odznak zgodnie z obowi\u0105zuj\u0105cymi przepisami.<br \/>8. Stowarzyszenie mo\u017ce zatrudni\u0107 osoby nie b\u0119d\u0105ce cz\u0142onkami Stowarzyszenia.<br \/>9. Dzia\u0142alno\u015b\u0107 Stowarzyszenia opiera si\u0119 na pracy spo\u0142ecznej cz\u0142onk\u00f3w.<br \/><br \/>ROZDZIA\u0141 II<br \/>Cele i \u015brodki dzia\u0142ania<br \/><br \/>\u00a7 2<br \/><br \/>Celem Stowarzyszenia jest:<br \/><br \/>1. Kreowanie i upowszechnianie aktywnego sp\u0119dzania wolnego czasu w Bydgoszczy oraz Regionie Kujaw i Pomorza.<br \/>2. Propagowanie Regionu Kujaw i Pomorza w Polsce i na \u015bwiecie.<br \/>3. Wspieranie wypraw naukowo &#8211; badawczych ze szczeg\u00f3lnym uwzgl\u0119dnieniem eksploracji (odkrywania) teren\u00f3w trudnodost\u0119pnych, w tym wysokog\u00f3rskich i podwodnych.<br \/>4. Tworzenie bydgoskiej i regionalnej przestrzeni eksploracji turystycznej dla os\u00f3b niepe\u0142nosprawnych.<br \/>5. Propagowanie aktywnego wypoczynku w Bydgoszczy oraz Regionie Kujaw i Pomorza, ze szczeg\u00f3lnym uwzgl\u0119dnieniem przestrzeni dla os\u00f3b niepe\u0142nosprawnych.<br \/>6. Propagowanie idei eksploracji (odkrywania) we wszystkich dziedzinach \u017cycia.<\/p><p>\u00a0<\/p>\t\t\t\t\t\t<\/div>\n\t\t\t\t<\/div>\n\t\t\t\t\t<\/div>\n\t\t<\/div>\n\t\t\t\t\t\t\t<\/div>\n\t\t<\/section>\n\t\t\t\t<section class=\"elementor-section elementor-top-section elementor-element elementor-element-d00dccc elementor-section-boxed elementor-section-height-default elementor-section-height-default\" data-id=\"d00dccc\" data-element_type=\"section\">\n\t\t\t\t\t\t<div class=\"elementor-container elementor-column-gap-default\">\n\t\t\t\t\t<div class=\"elementor-column elementor-col-100 elementor-top-column elementor-element elementor-element-731e67f\" data-id=\"731e67f\" data-element_type=\"column\">\n\t\t\t<div class=\"elementor-widget-wrap elementor-element-populated\">\n\t\t\t\t\t\t\t\t<div class=\"elementor-element elementor-element-f6eeeaa elementor-position-left elementor-view-default elementor-mobile-position-top elementor-vertical-align-top elementor-widget elementor-widget-icon-box\" data-id=\"f6eeeaa\" data-element_type=\"widget\" data-widget_type=\"icon-box.default\">\n\t\t\t\t<div class=\"elementor-widget-container\">\n\t\t\t<link rel=\"stylesheet\" href=\"https:\/\/erka.org.pl\/wp-content\/plugins\/elementor\/assets\/css\/widget-icon-box.min.css\">\t\t<div class=\"elementor-icon-box-wrapper\">\n\t\t\t\t\t\t<div class=\"elementor-icon-box-icon\">\n\t\t\t\t<a class=\"elementor-icon elementor-animation-\" href=\"http:\/\/wp-content\/uploads\/2022\/02\/statut.pdf\" target=\"_blank\">\n\t\t\t\t<i aria-hidden=\"true\" class=\"fas fa-file-alt\"><\/i>\t\t\t\t<\/a>\n\t\t\t<\/div>\n\t\t\t\t\t\t<div class=\"elementor-icon-box-content\">\n\t\t\t\t<h3 class=\"elementor-icon-box-title\">\n\t\t\t\t\t<a href=\"http:\/\/wp-content\/uploads\/2022\/02\/statut.pdf\" target=\"_blank\" >\n\t\t\t\t\t\tPobierz statut\t\t\t\t\t<\/a>\n\t\t\t\t<\/h3>\n\t\t\t\t\t\t\t<\/div>\n\t\t<\/div>\n\t\t\t\t<\/div>\n\t\t\t\t<\/div>\n\t\t\t\t\t<\/div>\n\t\t<\/div>\n\t\t\t\t\t\t\t<\/div>\n\t\t<\/section>\n\t\t\t\t\t\t\t<\/div>\n\t\t","protected":false},"excerpt":{"rendered":"<p>STATUT STOWARZYSZENIA Bydgoski Regionalny Klub Eksploracyjny ERKA ROZDZIA\u0141 IPostanowienia og\u00f3lne \u00a7 1 1. Stowarzyszenie nosi nazw\u0119 Bydgoski Regionalny Klub Eksploracyjny&hellip;<\/p>\n","protected":false},"author":1,"featured_media":0,"parent":0,"menu_order":0,"comment_status":"closed","ping_status":"closed","template":"","meta":{"_bbp_topic_count":0,"_bbp_reply_count":0,"_bbp_total_topic_count":0,"_bbp_total_reply_count":0,"_bbp_voice_count":0,"_bbp_anonymous_reply_count":0,"_bbp_topic_count_hidden":0,"_bbp_reply_count_hidden":0,"_bbp_forum_subforum_count":0,"ngg_post_thumbnail":0},"_links":{"self":[{"href":"https:\/\/erka.org.pl\/index.php?rest_route=\/wp\/v2\/pages\/79"}],"collection":[{"href":"https:\/\/erka.org.pl\/index.php?rest_route=\/wp\/v2\/pages"}],"about":[{"href":"https:\/\/erka.org.pl\/index.php?rest_route=\/wp\/v2\/types\/page"}],"author":[{"embeddable":true,"href":"https:\/\/erka.org.pl\/index.php?rest_route=\/wp\/v2\/users\/1"}],"replies":[{"embeddable":true,"href":"https:\/\/erka.org.pl\/index.php?rest_route=%2Fwp%2Fv2%2Fcomments&post=79"}],"version-history":[{"count":10,"href":"https:\/\/erka.org.pl\/index.php?rest_route=\/wp\/v2\/pages\/79\/revisions"}],"predecessor-version":[{"id":90,"href":"https:\/\/erka.org.pl\/index.php?rest_route=\/wp\/v2\/pages\/79\/revisions\/90"}],"wp:attachment":[{"href":"https:\/\/erka.org.pl\/index.php?rest_route=%2Fwp%2Fv2%2Fmedia&parent=79"}],"curies":[{"name":"wp","href":"https:\/\/api.w.org\/{rel}","templated":true}]}}